{"id":1911,"date":"2015-07-01T13:37:02","date_gmt":"2015-07-01T11:37:02","guid":{"rendered":"http:\/\/guasha-shop.nl\/de\/product\/9001-flanell-kopfstuetzenbezuege-4-stueck-kopieer\/"},"modified":"2023-04-11T21:28:48","modified_gmt":"2023-04-11T19:28:48","slug":"9001-baumwolle-kopfstuetzenbezuege-4-stueck-kopieer","status":"publish","type":"product","link":"https:\/\/guasha-shop.nl\/de\/produkt\/9001-baumwolle-kopfstuetzenbezuege-4-stueck-kopieer\/","title":{"rendered":"9001 Baumwolle Kopfst\u00fctzenbez\u00fcge 4 St\u00fcck"},"content":{"rendered":"<p>9001 100% Baumwolle Kopfst\u00fctzenbez\u00fcge 4 St\u00fcck<\/p>\n","protected":false},"excerpt":{"rendered":"<p>Flanell Kopfst\u00fctzenbez\u00fcge. \u00a0 \u00a0 \u00a0 \u00a0 4 St\u00fcck in einer Packung.<\/p>\n","protected":false},"featured_media":766,"comment_status":"closed","ping_status":"closed","template":"","meta":[],"product_brand":[],"product_cat":[93],"product_tag":[],"class_list":{"0":"post-1911","1":"product","2":"type-product","3":"status-publish","4":"has-post-thumbnail","6":"product_cat-verschieden-de","7":"description-off","9":"first","10":"instock","11":"taxable","12":"shipping-taxable","13":"purchasable","14":"product-type-simple"},"_links":{"self":[{"href":"https:\/\/guasha-shop.nl\/de\/wp-json\/wp\/v2\/product\/1911","targetHints":{"allow":["GET"]}}],"collection":[{"href":"https:\/\/guasha-shop.nl\/de\/wp-json\/wp\/v2\/product"}],"about":[{"href":"https:\/\/guasha-shop.nl\/de\/wp-json\/wp\/v2\/types\/product"}],"replies":[{"embeddable":true,"href":"https:\/\/guasha-shop.nl\/de\/wp-json\/wp\/v2\/comments?post=1911"}],"wp:featuredmedia":[{"embeddable":true,"href":"https:\/\/guasha-shop.nl\/de\/wp-json\/wp\/v2\/media\/766"}],"wp:attachment":[{"href":"https:\/\/guasha-shop.nl\/de\/wp-json\/wp\/v2\/media?parent=1911"}],"wp:term":[{"taxonomy":"product_brand","embeddable":true,"href":"https:\/\/guasha-shop.nl\/de\/wp-json\/wp\/v2\/product_brand?post=1911"},{"taxonomy":"product_cat","embeddable":true,"href":"https:\/\/guasha-shop.nl\/de\/wp-json\/wp\/v2\/product_cat?post=1911"},{"taxonomy":"product_tag","embeddable":true,"href":"https:\/\/guasha-shop.nl\/de\/wp-json\/wp\/v2\/product_tag?post=1911"}],"curies":[{"name":"wp","href":"https:\/\/api.w.org\/{rel}","templated":true}]}}