{"id":1842,"date":"2015-07-01T13:28:58","date_gmt":"2015-07-02T08:18:34","guid":{"rendered":"http:\/\/guasha-shop.nl\/de\/product\/1057-guasha-schaber-rosenquarz-kopieer\/"},"modified":"2023-04-13T22:28:47","modified_gmt":"2023-04-13T20:28:47","slug":"1057-guasha-schaber-rosenquarz-kopieer","status":"publish","type":"product","link":"https:\/\/guasha-shop.nl\/de\/produkt\/1057-guasha-schaber-rosenquarz-kopieer\/","title":{"rendered":"1057 Guasha-Schaber, Rosenquarz 9&#215;4,5 cm"},"content":{"rendered":"<p>1057 Guasha-Schaber, Rosenquarz 9&#215;4,5 cm<\/p>\n","protected":false},"excerpt":{"rendered":"<ul>\n<li>Guasha-Schaber, Rosenquarz. F\u00fcr Nacken, Armen und Beinen. Dicke Schaber, gut f\u00fcr Vorsorge und \u00dcbergef\u00fchligkeit (ca. 12 cm)<\/li>\n<\/ul>\n<div><\/div>\n","protected":false},"featured_media":1193,"comment_status":"closed","ping_status":"closed","template":"","meta":[],"product_brand":[],"product_cat":[68,86],"product_tag":[],"class_list":{"0":"post-1842","1":"product","2":"type-product","3":"status-publish","4":"has-post-thumbnail","6":"product_cat-guasha-schaber-de","7":"product_cat-rozenquartz","8":"description-off","10":"first","11":"outofstock","12":"taxable","13":"shipping-taxable","14":"purchasable","15":"product-type-simple"},"_links":{"self":[{"href":"https:\/\/guasha-shop.nl\/de\/wp-json\/wp\/v2\/product\/1842","targetHints":{"allow":["GET"]}}],"collection":[{"href":"https:\/\/guasha-shop.nl\/de\/wp-json\/wp\/v2\/product"}],"about":[{"href":"https:\/\/guasha-shop.nl\/de\/wp-json\/wp\/v2\/types\/product"}],"replies":[{"embeddable":true,"href":"https:\/\/guasha-shop.nl\/de\/wp-json\/wp\/v2\/comments?post=1842"}],"wp:featuredmedia":[{"embeddable":true,"href":"https:\/\/guasha-shop.nl\/de\/wp-json\/wp\/v2\/media\/1193"}],"wp:attachment":[{"href":"https:\/\/guasha-shop.nl\/de\/wp-json\/wp\/v2\/media?parent=1842"}],"wp:term":[{"taxonomy":"product_brand","embeddable":true,"href":"https:\/\/guasha-shop.nl\/de\/wp-json\/wp\/v2\/product_brand?post=1842"},{"taxonomy":"product_cat","embeddable":true,"href":"https:\/\/guasha-shop.nl\/de\/wp-json\/wp\/v2\/product_cat?post=1842"},{"taxonomy":"product_tag","embeddable":true,"href":"https:\/\/guasha-shop.nl\/de\/wp-json\/wp\/v2\/product_tag?post=1842"}],"curies":[{"name":"wp","href":"https:\/\/api.w.org\/{rel}","templated":true}]}}