{"id":1822,"date":"2015-07-01T13:25:06","date_gmt":"2015-07-01T11:25:06","guid":{"rendered":"http:\/\/guasha-shop.nl\/de\/product\/1047-3-guasha-schaber-rosenquarz-kopieer\/"},"modified":"2020-01-26T19:43:19","modified_gmt":"2020-01-26T18:43:19","slug":"1135-guasha-schaber-rosenquarz-kopieer","status":"publish","type":"product","link":"https:\/\/guasha-shop.nl\/de\/produkt\/1135-guasha-schaber-rosenquarz-kopieer\/","title":{"rendered":"1135  Guasha-Schaber, Rosenquarz 7,5&#215;5,5 cm"},"content":{"rendered":"<p>1135\u00a0Guasha-Schaber, Rosenquarz 7,5&#215;5,5 cm<\/p>\n","protected":false},"excerpt":{"rendered":"<ul>\n<li>Guasha-Schaber, Rosenquarz. F\u00fcr Nacken, Armen und Beinen. Dicke Schaber, gut f\u00fcr Vorsorge und \u00dcbergef\u00fchligkeit (ca.\u00a08 cm.)<\/li>\n<\/ul>\n<form action=\"http:\/\/www.guasha-shop.nl\/wp-admin\/index.php?page=cart&amp;action=add\" method=\"POST\">\u00a0\u00a0\u00a0\u00a0<\/form>\n","protected":false},"featured_media":294,"comment_status":"closed","ping_status":"closed","template":"","meta":[],"product_brand":[],"product_cat":[68,86],"product_tag":[],"class_list":{"0":"post-1822","1":"product","2":"type-product","3":"status-publish","4":"has-post-thumbnail","6":"product_cat-guasha-schaber-de","7":"product_cat-rozenquartz","8":"description-off","10":"first","11":"outofstock","12":"taxable","13":"shipping-taxable","14":"purchasable","15":"product-type-simple"},"_links":{"self":[{"href":"https:\/\/guasha-shop.nl\/de\/wp-json\/wp\/v2\/product\/1822","targetHints":{"allow":["GET"]}}],"collection":[{"href":"https:\/\/guasha-shop.nl\/de\/wp-json\/wp\/v2\/product"}],"about":[{"href":"https:\/\/guasha-shop.nl\/de\/wp-json\/wp\/v2\/types\/product"}],"replies":[{"embeddable":true,"href":"https:\/\/guasha-shop.nl\/de\/wp-json\/wp\/v2\/comments?post=1822"}],"wp:featuredmedia":[{"embeddable":true,"href":"https:\/\/guasha-shop.nl\/de\/wp-json\/wp\/v2\/media\/294"}],"wp:attachment":[{"href":"https:\/\/guasha-shop.nl\/de\/wp-json\/wp\/v2\/media?parent=1822"}],"wp:term":[{"taxonomy":"product_brand","embeddable":true,"href":"https:\/\/guasha-shop.nl\/de\/wp-json\/wp\/v2\/product_brand?post=1822"},{"taxonomy":"product_cat","embeddable":true,"href":"https:\/\/guasha-shop.nl\/de\/wp-json\/wp\/v2\/product_cat?post=1822"},{"taxonomy":"product_tag","embeddable":true,"href":"https:\/\/guasha-shop.nl\/de\/wp-json\/wp\/v2\/product_tag?post=1822"}],"curies":[{"name":"wp","href":"https:\/\/api.w.org\/{rel}","templated":true}]}}