{"id":1783,"date":"2015-07-01T13:18:41","date_gmt":"2015-07-01T11:18:41","guid":{"rendered":"http:\/\/guasha-shop.nl\/de\/product\/1012-tuete-fuer-guasha-schaber-kopieer\/"},"modified":"2021-06-05T17:25:51","modified_gmt":"2021-06-05T15:25:51","slug":"1012-tuete-fuer-guasha-schaber-kopieer","status":"publish","type":"product","link":"https:\/\/guasha-shop.nl\/de\/produkt\/1012-tuete-fuer-guasha-schaber-kopieer\/","title":{"rendered":"1012 T\u00fcte f\u00fcr Guasha Schaber."},"content":{"rendered":"<p>1012 T\u00fcte f\u00fcr Guasha Schaber.<\/p>\n","protected":false},"excerpt":{"rendered":"<ul>\n<li>T\u00fcte f\u00fcr Guasha Schaber.\u00a015 x 12,5 cm. Farbe: Gemixter<\/li>\n<\/ul>\n<p>&nbsp;<\/p>\n","protected":false},"featured_media":348,"comment_status":"closed","ping_status":"closed","template":"","meta":[],"product_brand":[],"product_cat":[91],"product_tag":[],"class_list":{"0":"post-1783","1":"product","2":"type-product","3":"status-publish","4":"has-post-thumbnail","6":"product_cat-tueten-de","7":"description-off","9":"first","10":"instock","11":"taxable","12":"shipping-taxable","13":"purchasable","14":"product-type-simple"},"_links":{"self":[{"href":"https:\/\/guasha-shop.nl\/de\/wp-json\/wp\/v2\/product\/1783","targetHints":{"allow":["GET"]}}],"collection":[{"href":"https:\/\/guasha-shop.nl\/de\/wp-json\/wp\/v2\/product"}],"about":[{"href":"https:\/\/guasha-shop.nl\/de\/wp-json\/wp\/v2\/types\/product"}],"replies":[{"embeddable":true,"href":"https:\/\/guasha-shop.nl\/de\/wp-json\/wp\/v2\/comments?post=1783"}],"wp:featuredmedia":[{"embeddable":true,"href":"https:\/\/guasha-shop.nl\/de\/wp-json\/wp\/v2\/media\/348"}],"wp:attachment":[{"href":"https:\/\/guasha-shop.nl\/de\/wp-json\/wp\/v2\/media?parent=1783"}],"wp:term":[{"taxonomy":"product_brand","embeddable":true,"href":"https:\/\/guasha-shop.nl\/de\/wp-json\/wp\/v2\/product_brand?post=1783"},{"taxonomy":"product_cat","embeddable":true,"href":"https:\/\/guasha-shop.nl\/de\/wp-json\/wp\/v2\/product_cat?post=1783"},{"taxonomy":"product_tag","embeddable":true,"href":"https:\/\/guasha-shop.nl\/de\/wp-json\/wp\/v2\/product_tag?post=1783"}],"curies":[{"name":"wp","href":"https:\/\/api.w.org\/{rel}","templated":true}]}}