{"id":1781,"date":"2015-07-01T13:18:33","date_gmt":"2015-07-01T11:18:33","guid":{"rendered":"http:\/\/guasha-shop.nl\/de\/product\/1010-tuete-fuer-guasha-schaber-kopieer\/"},"modified":"2019-11-17T23:08:37","modified_gmt":"2019-11-17T22:08:37","slug":"1010-tuete-fuer-guasha-schaber-kopieer","status":"publish","type":"product","link":"https:\/\/guasha-shop.nl\/de\/produkt\/1010-tuete-fuer-guasha-schaber-kopieer\/","title":{"rendered":"1010 T\u00fcte f\u00fcr Guasha Schaber"},"content":{"rendered":"<p>1010 T\u00fcte f\u00fcr Guasha Schaber<\/p>\n","protected":false},"excerpt":{"rendered":"<ul>\n<li>T\u00fcte f\u00fcr Guasha Schaber.\u00a010 x 11,5 cm.<\/li>\n<\/ul>\n<p>\u00a0\u00a0\u00a0\u00a0\u00a0<\/p>\n","protected":false},"featured_media":2650,"comment_status":"closed","ping_status":"closed","template":"","meta":[],"product_brand":[],"product_cat":[91],"product_tag":[],"class_list":{"0":"post-1781","1":"product","2":"type-product","3":"status-publish","4":"has-post-thumbnail","6":"product_cat-tueten-de","7":"description-off","9":"first","10":"instock","11":"taxable","12":"shipping-taxable","13":"purchasable","14":"product-type-simple"},"_links":{"self":[{"href":"https:\/\/guasha-shop.nl\/de\/wp-json\/wp\/v2\/product\/1781","targetHints":{"allow":["GET"]}}],"collection":[{"href":"https:\/\/guasha-shop.nl\/de\/wp-json\/wp\/v2\/product"}],"about":[{"href":"https:\/\/guasha-shop.nl\/de\/wp-json\/wp\/v2\/types\/product"}],"replies":[{"embeddable":true,"href":"https:\/\/guasha-shop.nl\/de\/wp-json\/wp\/v2\/comments?post=1781"}],"wp:featuredmedia":[{"embeddable":true,"href":"https:\/\/guasha-shop.nl\/de\/wp-json\/wp\/v2\/media\/2650"}],"wp:attachment":[{"href":"https:\/\/guasha-shop.nl\/de\/wp-json\/wp\/v2\/media?parent=1781"}],"wp:term":[{"taxonomy":"product_brand","embeddable":true,"href":"https:\/\/guasha-shop.nl\/de\/wp-json\/wp\/v2\/product_brand?post=1781"},{"taxonomy":"product_cat","embeddable":true,"href":"https:\/\/guasha-shop.nl\/de\/wp-json\/wp\/v2\/product_cat?post=1781"},{"taxonomy":"product_tag","embeddable":true,"href":"https:\/\/guasha-shop.nl\/de\/wp-json\/wp\/v2\/product_tag?post=1781"}],"curies":[{"name":"wp","href":"https:\/\/api.w.org\/{rel}","templated":true}]}}