{"id":1778,"date":"2015-07-01T13:16:20","date_gmt":"2015-07-01T11:16:20","guid":{"rendered":"http:\/\/guasha-shop.nl\/de\/product\/1002-2-guasha-oel-rot-2stueck-marke-gyy-kopieer\/"},"modified":"2025-08-25T16:18:53","modified_gmt":"2025-08-25T14:18:53","slug":"2002-guasha-oel-rot-2stueck-marke-gyy-kopieer","status":"publish","type":"product","link":"https:\/\/guasha-shop.nl\/de\/produkt\/2002-guasha-oel-rot-2stueck-marke-gyy-kopieer\/","title":{"rendered":"2002 Guasha-\u00f6l, Rot. 2 st\u00fcck. Marke: Guoyiyan"},"content":{"rendered":"<p>2002 Guasha-\u00f6l, Rot. 2 st\u00fcck. Marke: Guoyiyan<\/p>\n<p>Das Datum auf der Verpackung dieses Produkts ist das Herstellungsdatum. Die \u00d6l kann drei Jahre bei Raumtemperatur aufbewahrt werden.<\/p>\n","protected":false},"excerpt":{"rendered":"<ul>\n<li>Guasha-\u00f6l, Rot. Kr\u00e4utergeruch, f\u00fcr therapeutische Behandlung. Handelsmarke: Guo Yi Yan<\/li>\n<\/ul>\n<p><big><strong>Preis\/2 st\u00fcck: eur.15.00<\/strong><\/big><\/p>\n","protected":false},"featured_media":12581,"comment_status":"closed","ping_status":"closed","template":"","meta":[],"product_brand":[],"product_cat":[88],"product_tag":[],"class_list":{"0":"post-1778","1":"product","2":"type-product","3":"status-publish","4":"has-post-thumbnail","6":"product_cat-oel-und-creme","7":"description-off","9":"first","10":"instock","11":"taxable","12":"shipping-taxable","13":"purchasable","14":"product-type-simple"},"_links":{"self":[{"href":"https:\/\/guasha-shop.nl\/de\/wp-json\/wp\/v2\/product\/1778","targetHints":{"allow":["GET"]}}],"collection":[{"href":"https:\/\/guasha-shop.nl\/de\/wp-json\/wp\/v2\/product"}],"about":[{"href":"https:\/\/guasha-shop.nl\/de\/wp-json\/wp\/v2\/types\/product"}],"replies":[{"embeddable":true,"href":"https:\/\/guasha-shop.nl\/de\/wp-json\/wp\/v2\/comments?post=1778"}],"wp:featuredmedia":[{"embeddable":true,"href":"https:\/\/guasha-shop.nl\/de\/wp-json\/wp\/v2\/media\/12581"}],"wp:attachment":[{"href":"https:\/\/guasha-shop.nl\/de\/wp-json\/wp\/v2\/media?parent=1778"}],"wp:term":[{"taxonomy":"product_brand","embeddable":true,"href":"https:\/\/guasha-shop.nl\/de\/wp-json\/wp\/v2\/product_brand?post=1778"},{"taxonomy":"product_cat","embeddable":true,"href":"https:\/\/guasha-shop.nl\/de\/wp-json\/wp\/v2\/product_cat?post=1778"},{"taxonomy":"product_tag","embeddable":true,"href":"https:\/\/guasha-shop.nl\/de\/wp-json\/wp\/v2\/product_tag?post=1778"}],"curies":[{"name":"wp","href":"https:\/\/api.w.org\/{rel}","templated":true}]}}