{"id":1777,"date":"2015-07-01T13:16:17","date_gmt":"2015-07-01T11:16:17","guid":{"rendered":"http:\/\/guasha-shop.nl\/de\/product\/1002-guasha-oel-rot-marke-gyy-kopieer-2\/"},"modified":"2023-09-14T15:43:22","modified_gmt":"2023-09-14T13:43:22","slug":"1002-guasha-oel-rot-marke-gyy-kopieer-2","status":"publish","type":"product","link":"https:\/\/guasha-shop.nl\/de\/produkt\/1002-guasha-oel-rot-marke-gyy-kopieer-2\/","title":{"rendered":"1002 Guasha-\u00f6l, Rot. Marke: Guoyiyan"},"content":{"rendered":"<p>1002 Guasha-\u00f6l, Rot. Marke: Guoyiyan<\/p>\n<p>Das Datum auf der Verpackung dieses Produkts ist das Herstellungsdatum. Die \u00d6l kann drei Jahre bei Raumtemperatur aufbewahrt werden.<\/p>\n<div><\/div>\n<div><\/div>\n<div><\/div>\n","protected":false},"excerpt":{"rendered":"<div>\n<ul>\n<li>Guasha-\u00f6l, Rot. Kr\u00e4utergeruch, f\u00fcr therapeutische Behandlung. Handelsmarke: Guo Yi Yan<\/li>\n<\/ul>\n<\/div>\n<div><\/div>\n","protected":false},"featured_media":12578,"comment_status":"closed","ping_status":"closed","template":"","meta":[],"product_brand":[],"product_cat":[88],"product_tag":[],"class_list":{"0":"post-1777","1":"product","2":"type-product","3":"status-publish","4":"has-post-thumbnail","6":"product_cat-oel-und-creme","7":"description-off","9":"first","10":"instock","11":"taxable","12":"shipping-taxable","13":"purchasable","14":"product-type-simple"},"_links":{"self":[{"href":"https:\/\/guasha-shop.nl\/de\/wp-json\/wp\/v2\/product\/1777","targetHints":{"allow":["GET"]}}],"collection":[{"href":"https:\/\/guasha-shop.nl\/de\/wp-json\/wp\/v2\/product"}],"about":[{"href":"https:\/\/guasha-shop.nl\/de\/wp-json\/wp\/v2\/types\/product"}],"replies":[{"embeddable":true,"href":"https:\/\/guasha-shop.nl\/de\/wp-json\/wp\/v2\/comments?post=1777"}],"wp:featuredmedia":[{"embeddable":true,"href":"https:\/\/guasha-shop.nl\/de\/wp-json\/wp\/v2\/media\/12578"}],"wp:attachment":[{"href":"https:\/\/guasha-shop.nl\/de\/wp-json\/wp\/v2\/media?parent=1777"}],"wp:term":[{"taxonomy":"product_brand","embeddable":true,"href":"https:\/\/guasha-shop.nl\/de\/wp-json\/wp\/v2\/product_brand?post=1777"},{"taxonomy":"product_cat","embeddable":true,"href":"https:\/\/guasha-shop.nl\/de\/wp-json\/wp\/v2\/product_cat?post=1777"},{"taxonomy":"product_tag","embeddable":true,"href":"https:\/\/guasha-shop.nl\/de\/wp-json\/wp\/v2\/product_tag?post=1777"}],"curies":[{"name":"wp","href":"https:\/\/api.w.org\/{rel}","templated":true}]}}