{"id":1776,"date":"2015-07-01T13:16:28","date_gmt":"2015-07-01T11:16:28","guid":{"rendered":"http:\/\/guasha-shop.nl\/de\/product\/1001-2-guasha-oel-weiss-2-stueck-marke-oasis-kopieer\/"},"modified":"2024-04-05T20:33:48","modified_gmt":"2024-04-05T18:33:48","slug":"2001-guasha-oel-weiss-2-stueck-marke-oasis-kopieer","status":"publish","type":"product","link":"https:\/\/guasha-shop.nl\/de\/produkt\/2001-guasha-oel-weiss-2-stueck-marke-oasis-kopieer\/","title":{"rendered":"2001 Guasha-\u00f6l, Wei\u00df 2 st\u00fcck. Marke: Oasis"},"content":{"rendered":"<p>2001 Guasha-\u00f6l, Wei\u00df 2 st\u00fcck. Marke: Oasis<\/p>\n<p>Das Datum auf der Verpackung dieses Produkts ist das Herstellungsdatum. Die \u00d6l kann drei Jahre bei Raumtemperatur aufbewahrt werden.<\/p>\n","protected":false},"excerpt":{"rendered":"<ul>\n<li>Guasha-\u00f6l, Wei\u00df. Aromatischer Geruch, f\u00fcr die Gesichtsbehandlung, Behandlung bei Kindern und therapeutische Behandlung. Handelsmarke: Oasis<\/li>\n<\/ul>\n<p><big><strong>Preis\/2 st\u00fcck: eur.15.00<\/strong><\/big><\/p>\n","protected":false},"featured_media":3643,"comment_status":"closed","ping_status":"closed","template":"","meta":[],"product_brand":[],"product_cat":[88],"product_tag":[],"class_list":{"0":"post-1776","1":"product","2":"type-product","3":"status-publish","4":"has-post-thumbnail","6":"product_cat-oel-und-creme","7":"description-off","9":"first","10":"instock","11":"taxable","12":"shipping-taxable","13":"purchasable","14":"product-type-simple"},"_links":{"self":[{"href":"https:\/\/guasha-shop.nl\/de\/wp-json\/wp\/v2\/product\/1776","targetHints":{"allow":["GET"]}}],"collection":[{"href":"https:\/\/guasha-shop.nl\/de\/wp-json\/wp\/v2\/product"}],"about":[{"href":"https:\/\/guasha-shop.nl\/de\/wp-json\/wp\/v2\/types\/product"}],"replies":[{"embeddable":true,"href":"https:\/\/guasha-shop.nl\/de\/wp-json\/wp\/v2\/comments?post=1776"}],"wp:featuredmedia":[{"embeddable":true,"href":"https:\/\/guasha-shop.nl\/de\/wp-json\/wp\/v2\/media\/3643"}],"wp:attachment":[{"href":"https:\/\/guasha-shop.nl\/de\/wp-json\/wp\/v2\/media?parent=1776"}],"wp:term":[{"taxonomy":"product_brand","embeddable":true,"href":"https:\/\/guasha-shop.nl\/de\/wp-json\/wp\/v2\/product_brand?post=1776"},{"taxonomy":"product_cat","embeddable":true,"href":"https:\/\/guasha-shop.nl\/de\/wp-json\/wp\/v2\/product_cat?post=1776"},{"taxonomy":"product_tag","embeddable":true,"href":"https:\/\/guasha-shop.nl\/de\/wp-json\/wp\/v2\/product_tag?post=1776"}],"curies":[{"name":"wp","href":"https:\/\/api.w.org\/{rel}","templated":true}]}}