{"id":13644,"date":"2017-09-29T21:42:23","date_gmt":"2021-01-11T15:46:21","guid":{"rendered":"https:\/\/guasha-shop.nl\/?post_type=product&#038;p=13644"},"modified":"2023-07-08T15:22:26","modified_gmt":"2023-07-08T13:22:26","slug":"1141-guasha-schaber-harz-mit-bienenwax","status":"publish","type":"product","link":"https:\/\/guasha-shop.nl\/de\/produkt\/1141-guasha-schaber-harz-mit-bienenwax\/","title":{"rendered":"1141 Guasha Schaber, Harz mit Bienenwax"},"content":{"rendered":"<p>1141 Guasha Schaber, Harz mit Bienenwax<\/p>\n<p>Gro\u00dfer Schaber f\u00fcr \u00dcberkleidung.<\/p>\n<p>18 x 6,5 cm<\/p>\n","protected":false},"excerpt":{"rendered":"<p>1141 Guasha Schaber, Harz mit Bienenwax Gro\u00dfer Schaber f\u00fcr \u00dcberkleidung. 18 x 6,5 cm<\/p>\n","protected":false},"featured_media":13642,"comment_status":"open","ping_status":"closed","template":"","meta":[],"product_brand":[],"product_cat":[68,85],"product_tag":[],"class_list":{"0":"post-13644","1":"product","2":"type-product","3":"status-publish","4":"has-post-thumbnail","6":"product_cat-guasha-schaber-de","7":"product_cat-harz-mit-bienenwax","8":"description-off","10":"first","11":"instock","12":"taxable","13":"shipping-taxable","14":"purchasable","15":"product-type-simple"},"_links":{"self":[{"href":"https:\/\/guasha-shop.nl\/de\/wp-json\/wp\/v2\/product\/13644","targetHints":{"allow":["GET"]}}],"collection":[{"href":"https:\/\/guasha-shop.nl\/de\/wp-json\/wp\/v2\/product"}],"about":[{"href":"https:\/\/guasha-shop.nl\/de\/wp-json\/wp\/v2\/types\/product"}],"replies":[{"embeddable":true,"href":"https:\/\/guasha-shop.nl\/de\/wp-json\/wp\/v2\/comments?post=13644"}],"wp:featuredmedia":[{"embeddable":true,"href":"https:\/\/guasha-shop.nl\/de\/wp-json\/wp\/v2\/media\/13642"}],"wp:attachment":[{"href":"https:\/\/guasha-shop.nl\/de\/wp-json\/wp\/v2\/media?parent=13644"}],"wp:term":[{"taxonomy":"product_brand","embeddable":true,"href":"https:\/\/guasha-shop.nl\/de\/wp-json\/wp\/v2\/product_brand?post=13644"},{"taxonomy":"product_cat","embeddable":true,"href":"https:\/\/guasha-shop.nl\/de\/wp-json\/wp\/v2\/product_cat?post=13644"},{"taxonomy":"product_tag","embeddable":true,"href":"https:\/\/guasha-shop.nl\/de\/wp-json\/wp\/v2\/product_tag?post=13644"}],"curies":[{"name":"wp","href":"https:\/\/api.w.org\/{rel}","templated":true}]}}