{"id":13639,"date":"2015-11-16T14:12:09","date_gmt":"2021-01-11T15:27:26","guid":{"rendered":"https:\/\/guasha-shop.nl\/?post_type=product&#038;p=13639"},"modified":"2021-01-11T16:27:27","modified_gmt":"2021-01-11T15:27:27","slug":"1008-tuete-fuer-guasha-schaber","status":"publish","type":"product","link":"https:\/\/guasha-shop.nl\/de\/produkt\/1008-tuete-fuer-guasha-schaber\/","title":{"rendered":"1008 T\u00fcte f\u00fcr Guasha Schaber."},"content":{"rendered":"<p>1008 T\u00fcte f\u00fcr Guasha Schaber.<\/p>\n<p>14\u00d711 cm.<\/p>\n","protected":false},"excerpt":{"rendered":"<p>1008 T\u00fcte f\u00fcr Guasha Schaber. 14\u00d711 cm.<\/p>\n","protected":false},"featured_media":13634,"comment_status":"open","ping_status":"closed","template":"","meta":[],"product_brand":[],"product_cat":[91],"product_tag":[],"class_list":{"0":"post-13639","1":"product","2":"type-product","3":"status-publish","4":"has-post-thumbnail","6":"product_cat-tueten-de","7":"description-off","9":"first","10":"outofstock","11":"taxable","12":"shipping-taxable","13":"purchasable","14":"product-type-simple"},"_links":{"self":[{"href":"https:\/\/guasha-shop.nl\/de\/wp-json\/wp\/v2\/product\/13639","targetHints":{"allow":["GET"]}}],"collection":[{"href":"https:\/\/guasha-shop.nl\/de\/wp-json\/wp\/v2\/product"}],"about":[{"href":"https:\/\/guasha-shop.nl\/de\/wp-json\/wp\/v2\/types\/product"}],"replies":[{"embeddable":true,"href":"https:\/\/guasha-shop.nl\/de\/wp-json\/wp\/v2\/comments?post=13639"}],"wp:featuredmedia":[{"embeddable":true,"href":"https:\/\/guasha-shop.nl\/de\/wp-json\/wp\/v2\/media\/13634"}],"wp:attachment":[{"href":"https:\/\/guasha-shop.nl\/de\/wp-json\/wp\/v2\/media?parent=13639"}],"wp:term":[{"taxonomy":"product_brand","embeddable":true,"href":"https:\/\/guasha-shop.nl\/de\/wp-json\/wp\/v2\/product_brand?post=13639"},{"taxonomy":"product_cat","embeddable":true,"href":"https:\/\/guasha-shop.nl\/de\/wp-json\/wp\/v2\/product_cat?post=13639"},{"taxonomy":"product_tag","embeddable":true,"href":"https:\/\/guasha-shop.nl\/de\/wp-json\/wp\/v2\/product_tag?post=13639"}],"curies":[{"name":"wp","href":"https:\/\/api.w.org\/{rel}","templated":true}]}}