{"id":13274,"date":"2020-08-25T22:20:49","date_gmt":"2020-08-25T20:26:05","guid":{"rendered":"https:\/\/guasha-shop.nl\/?post_type=product&#038;p=13274"},"modified":"2022-07-29T16:45:28","modified_gmt":"2022-07-29T14:45:28","slug":"9008-disposable-fuer-kopfstuetze-200-st","status":"publish","type":"product","link":"https:\/\/guasha-shop.nl\/de\/produkt\/9008-disposable-fuer-kopfstuetze-200-st\/","title":{"rendered":"9008 Disposable f\u00fcr Kopfst\u00fctze ( 200 st )"},"content":{"rendered":"<p>9008 Disposable f\u00fcr Kopfst\u00fctze ( 200 st )<\/p>\n<pre id=\"tw-target-text\" class=\"tw-data-text tw-text-large XcVN5d tw-ta\" dir=\"ltr\" data-placeholder=\"Vertaling\"><span lang=\"de\">Gr\u00f6\u00dfe 34,5cm x 28 cm<\/span><\/pre>\n","protected":false},"excerpt":{"rendered":"<p>9008 Disposable f\u00fcr Kopfst\u00fctze ( 200 st ) Gr\u00f6\u00dfe 34,5cm x 28 cm<\/p>\n","protected":false},"featured_media":13275,"comment_status":"open","ping_status":"closed","template":"","meta":[],"product_brand":[],"product_cat":[93],"product_tag":[],"class_list":{"0":"post-13274","1":"product","2":"type-product","3":"status-publish","4":"has-post-thumbnail","6":"product_cat-verschieden-de","7":"description-off","9":"first","10":"instock","11":"taxable","12":"shipping-taxable","13":"purchasable","14":"product-type-simple"},"_links":{"self":[{"href":"https:\/\/guasha-shop.nl\/de\/wp-json\/wp\/v2\/product\/13274","targetHints":{"allow":["GET"]}}],"collection":[{"href":"https:\/\/guasha-shop.nl\/de\/wp-json\/wp\/v2\/product"}],"about":[{"href":"https:\/\/guasha-shop.nl\/de\/wp-json\/wp\/v2\/types\/product"}],"replies":[{"embeddable":true,"href":"https:\/\/guasha-shop.nl\/de\/wp-json\/wp\/v2\/comments?post=13274"}],"wp:featuredmedia":[{"embeddable":true,"href":"https:\/\/guasha-shop.nl\/de\/wp-json\/wp\/v2\/media\/13275"}],"wp:attachment":[{"href":"https:\/\/guasha-shop.nl\/de\/wp-json\/wp\/v2\/media?parent=13274"}],"wp:term":[{"taxonomy":"product_brand","embeddable":true,"href":"https:\/\/guasha-shop.nl\/de\/wp-json\/wp\/v2\/product_brand?post=13274"},{"taxonomy":"product_cat","embeddable":true,"href":"https:\/\/guasha-shop.nl\/de\/wp-json\/wp\/v2\/product_cat?post=13274"},{"taxonomy":"product_tag","embeddable":true,"href":"https:\/\/guasha-shop.nl\/de\/wp-json\/wp\/v2\/product_tag?post=13274"}],"curies":[{"name":"wp","href":"https:\/\/api.w.org\/{rel}","templated":true}]}}