{"id":12808,"date":"2015-07-02T10:16:57","date_gmt":"2015-07-02T08:16:57","guid":{"rendered":"https:\/\/guasha-shop.nl\/?post_type=product&#038;p=12808"},"modified":"2022-11-23T14:44:14","modified_gmt":"2022-11-23T13:44:14","slug":"1040-guasha-schaber-gruenes-aventurine-7x45-cm","status":"publish","type":"product","link":"https:\/\/guasha-shop.nl\/de\/produkt\/1040-guasha-schaber-gruenes-aventurine-7x45-cm\/","title":{"rendered":"1040 Guasha Schaber, gr\u00fcnes Aventurine 7\u00d74,5 cm"},"content":{"rendered":"<p>1040 Guasha Schaber, gr\u00fcnes Aventurine 7\u00d74,5 cm<\/p>\n","protected":false},"excerpt":{"rendered":"<p>1040 Guasha Schaber, gr\u00fcnes Aventurine 7\u00d74,5 cm<\/p>\n","protected":false},"featured_media":12807,"comment_status":"closed","ping_status":"closed","template":"","meta":[],"product_brand":[],"product_cat":[68,76,89],"product_tag":[],"class_list":{"0":"post-12808","1":"product","2":"type-product","3":"status-publish","4":"has-post-thumbnail","6":"product_cat-guasha-schaber-de","7":"product_cat-aventurin","8":"product_cat-guasha-gesicht","9":"description-off","11":"first","12":"instock","13":"taxable","14":"shipping-taxable","15":"purchasable","16":"product-type-simple"},"_links":{"self":[{"href":"https:\/\/guasha-shop.nl\/de\/wp-json\/wp\/v2\/product\/12808","targetHints":{"allow":["GET"]}}],"collection":[{"href":"https:\/\/guasha-shop.nl\/de\/wp-json\/wp\/v2\/product"}],"about":[{"href":"https:\/\/guasha-shop.nl\/de\/wp-json\/wp\/v2\/types\/product"}],"replies":[{"embeddable":true,"href":"https:\/\/guasha-shop.nl\/de\/wp-json\/wp\/v2\/comments?post=12808"}],"wp:featuredmedia":[{"embeddable":true,"href":"https:\/\/guasha-shop.nl\/de\/wp-json\/wp\/v2\/media\/12807"}],"wp:attachment":[{"href":"https:\/\/guasha-shop.nl\/de\/wp-json\/wp\/v2\/media?parent=12808"}],"wp:term":[{"taxonomy":"product_brand","embeddable":true,"href":"https:\/\/guasha-shop.nl\/de\/wp-json\/wp\/v2\/product_brand?post=12808"},{"taxonomy":"product_cat","embeddable":true,"href":"https:\/\/guasha-shop.nl\/de\/wp-json\/wp\/v2\/product_cat?post=12808"},{"taxonomy":"product_tag","embeddable":true,"href":"https:\/\/guasha-shop.nl\/de\/wp-json\/wp\/v2\/product_tag?post=12808"}],"curies":[{"name":"wp","href":"https:\/\/api.w.org\/{rel}","templated":true}]}}