{"id":498,"date":"2015-04-02T15:48:40","date_gmt":"2015-04-02T14:48:40","guid":{"rendered":"http:\/\/guasha-shop.nl\/?page_id=498"},"modified":"2015-04-08T12:15:07","modified_gmt":"2015-04-08T11:15:07","slug":"allgemeine-geschaftsbedingungen","status":"publish","type":"page","link":"https:\/\/guasha-shop.nl\/de\/allgemeine-geschaftsbedingungen\/","title":{"rendered":"Allgemeine gesch\u00e4ftsbedingungen"},"content":{"rendered":"<p><strong>ALGEMEINE GESCH\u00c4FTSBEDINGUNGEN \/ LIEFERBEDINGUNGEN:<\/strong><\/p>\n<p>Sie k\u00f6nnen unsere Guasha Artikel \u00fcber unseren Webshop im Internet erwerben. Nach dem Versand Ihrer Bestellung empfangen Sie eine Mail mit einer Empfangsbest\u00e4tigung und die dazugeh\u00f6rige Rechnung. Hierin sind auch die Versandkosten aufgef\u00fchrt.<\/p>\n<p>Die Artikel werden aus Naturprodukten hergestellt, dadurch kann die Farbe abweichen.<\/p>\n<p><strong>BEZAHLUNG:<\/strong><br \/>\n&#8211; Die Bezahlung erfolgt im Voraus auf das Bankkonto IBAN: NL84ABNA0523844638.<\/p>\n<p>BIC: ABNANL2A von Santai in Helmond.<\/p>\n<p>&#8211; Mit iDeal<\/p>\n<p>&#8211; Mit Paypal<\/p>\n<p>&nbsp;<\/p>\n<p><strong>LIEFERZEIT:<\/strong><br \/>\nUnser Streben ist es, eine kurze Lieferzeit zu haben. Wenn wir die bestellten Waren auf Vorrat haben, erfolgt die Lieferung innerhalb von 5 Arbeitstagen nach Empfang von Ihrer Bestellung.<\/p>\n<p>Sie Lieferung erfolgt \u00fcber TNT Post und TNT Paketservice.<\/p>\n<p>Wenn die Lieferung ins Ausland geschickt werden muss, dann sollten Sie mit einer l\u00e4ngeren Lieferzeit als innerhalb der Niederlande rechnen. Die Lieferzeit ist abh\u00e4ngig von dem Land an das die Ware geliefert werden muss.<\/p>\n<p><strong>VERSANDKOSTEN:<\/strong><br \/>\nDie aufgef\u00fchrten Preise sind inklusiv Mehrwertsteuer und exklusiv Versandkosten. Die Versandkosten werden Ihnen extra in Rechnung gebracht. In Ihrer Bestellung werden diese Kosten separat aufgef\u00fchrt.<\/p>\n<p>Bestellungen mit einem Warenwert \u00fcber \u20ac 150,00 exkl. Mehrwertsteuer sind versandkostenfrei.<\/p>\n<p>F\u00fcr Bestellungen mit einem Warenwert unter \u20ac 150,00 werden Versandkosten in Rechnung gebracht.<\/p>\n<p>Bei einem Versand in das Ausland werden immer Versandkosten berechnet.<\/p>\n<p>Unsere Versandkosten bestehen aus einem festen Betrag, ungeachtet der Anzahl der Artikel oder der Anzahl der Sendungen per Bestellungen.<\/p>\n<p>Au\u00dferhalb der EU k\u00f6nnen eventuell Kosten f\u00fcr die Einfuhr bzw. den Zoll entstehen, wenn sie Ware im Land der Bestellung ankommt. Als Kunde sind Sie selbst f\u00fcr diese Kosten verantwortlich. Diese Kosten k\u00f6nnen in jedem Land unterschiedlich sein. Die H\u00f6he der Kosten wird durch den Zoll im Land der Bestellung berechnet. Wenn Sie gerne wissen m\u00f6chten, wie viel Zoll Sie bezahlen m\u00fcssen, dann wenden Sie sich bitte an die zust\u00e4ndige Zollbeh\u00f6rde in Ihrem Land.<\/p>\n<p><strong>VERZ\u00d6GERUNG BEIM VERSAND:<\/strong><br \/>\nAuf Ihrem Kundenkonto k\u00f6nnen Sie den Status Ihrer Bestellung sehen. Sie k\u00f6nnen hier sehen, ob Ihre Bestellung bereits versandt wurde oder noch in Bearbeitung ist.<\/p>\n<p>Wenn Ihre Bestellung in Ihrem Kundenkonto den Status \u2018versandt\u2019 hat, aber Sie noch keine Ware empfangen haben, dann k\u00f6nnen Sie am Besten noch ein paar Arbeitstage warten. In Ausnahmef\u00e4llen liefert TNT Post nicht innerhalb von 24 Stunden, sondern ben\u00f6tigt daf\u00fcr einen l\u00e4ngeren Zeitraum. Haben Sie Ihre Bestellung nach 5 Arbeitstagen noch nicht empfangen (gilt f\u00fcr die Niederlande)? Bitte nehmen Sie dann Kontakt mit uns auf. Um Ihre so schnell wie m\u00f6glich helfen zu k\u00f6nnen, bitten wir Sie, Ihre Bestellnummer in Ihrer Mail an uns durchzugeben.<\/p>\n<p><strong>AUFTRAGSBEARBEITUNG:<\/strong><br \/>\nAlle Auftr\u00e4ge werden in der Reihenfolge in der sie bei uns eingehen abgearbeitet. Sollte es so sein, dass 2 Bestellungen f\u00fcr das gleiche Produkt eingehen, dann gilt die erste Bestellung.<\/p>\n<p><strong>HAFTUNG:<\/strong><br \/>\nGuasha-Shop haftet nicht f\u00fcr verloren gegangene sowie besch\u00e4digte Ware beim Transport\/Versand.<\/p>\n<p><strong>GEHEIMHALTUNG:<\/strong><br \/>\nAlle Kundendaten werden ausschlie\u00dflich f\u00fcr das Ausf\u00fchren und der Bearbeitung der Bestellung verwendet. Die Kundendaten werden nicht an Dritte weitergegeben.<\/p>\n","protected":false},"excerpt":{"rendered":"<p>ALGEMEINE GESCH\u00c4FTSBEDINGUNGEN \/ LIEFERBEDINGUNGEN: Sie k\u00f6nnen unsere Guasha Artikel \u00fcber unseren Webshop im Internet erwerben. Nach dem Versand Ihrer Bestellung empfangen Sie eine Mail mit einer Empfangsbest\u00e4tigung und die dazugeh\u00f6rige Rechnung. Hierin sind auch die Versandkosten aufgef\u00fchrt. Die Artikel werden aus Naturprodukten hergestellt, dadurch kann die Farbe abweichen. BEZAHLUNG: &#8211; Die Bezahlung erfolgt im Voraus&hellip;<\/p>\n","protected":false},"author":1,"featured_media":0,"parent":0,"menu_order":0,"comment_status":"closed","ping_status":"closed","template":"","meta":{"footnotes":""},"class_list":["post-498","page","type-page","status-publish","hentry","description-off"],"_links":{"self":[{"href":"https:\/\/guasha-shop.nl\/de\/wp-json\/wp\/v2\/pages\/498","targetHints":{"allow":["GET"]}}],"collection":[{"href":"https:\/\/guasha-shop.nl\/de\/wp-json\/wp\/v2\/pages"}],"about":[{"href":"https:\/\/guasha-shop.nl\/de\/wp-json\/wp\/v2\/types\/page"}],"author":[{"embeddable":true,"href":"https:\/\/guasha-shop.nl\/de\/wp-json\/wp\/v2\/users\/1"}],"replies":[{"embeddable":true,"href":"https:\/\/guasha-shop.nl\/de\/wp-json\/wp\/v2\/comments?post=498"}],"version-history":[{"count":2,"href":"https:\/\/guasha-shop.nl\/de\/wp-json\/wp\/v2\/pages\/498\/revisions"}],"predecessor-version":[{"id":919,"href":"https:\/\/guasha-shop.nl\/de\/wp-json\/wp\/v2\/pages\/498\/revisions\/919"}],"wp:attachment":[{"href":"https:\/\/guasha-shop.nl\/de\/wp-json\/wp\/v2\/media?parent=498"}],"curies":[{"name":"wp","href":"https:\/\/api.w.org\/{rel}","templated":true}]}}